{"id":365,"date":"2023-09-02T13:54:20","date_gmt":"2023-09-02T11:54:20","guid":{"rendered":"https:\/\/virtuos.no\/?page_id=365"},"modified":"2023-09-21T13:55:51","modified_gmt":"2023-09-21T11:55:51","slug":"bli-radioamator","status":"publish","type":"page","link":"https:\/\/virtuos.no\/index.php\/bli-radioamator\/","title":{"rendered":"Bli radioamat\u00f8r"},"content":{"rendered":"<p>[et_pb_section fb_built=&raquo;1&#8243; fullwidth=&raquo;on&raquo; _builder_version=&raquo;4.22.1&#8243; _module_preset=&raquo;default&raquo; global_colors_info=&raquo;{}&raquo;][et_pb_fullwidth_header _builder_version=&raquo;4.22.1&#8243; _module_preset=&raquo;default&raquo; background_color=&raquo;#FFFFFF&raquo; min_height=&raquo;86px&raquo; custom_padding=&raquo;16px||22px|||&raquo; global_colors_info=&raquo;{}&raquo;]<\/p>\n<h2><span style=\"color: #000000;\">Grenlandgruppen av Norsk Radio Rel\u00e6 Liga<\/span><\/h2>\n<p>[\/et_pb_fullwidth_header][\/et_pb_section][et_pb_section fb_built=&raquo;1&#8243; _builder_version=&raquo;4.22.1&#8243; _module_preset=&raquo;default&raquo; global_colors_info=&raquo;{}&raquo;][et_pb_row module_class=&raquo;dm-autoplay-btn&raquo; _builder_version=&raquo;4.22.1&#8243; _module_preset=&raquo;default&raquo; width=&raquo;100%&raquo; global_colors_info=&raquo;{}&raquo; custom_margin=&raquo;-52px|auto||auto||&raquo;][et_pb_column type=&raquo;4_4&#8243; _builder_version=&raquo;4.22.1&#8243; _module_preset=&raquo;default&raquo; global_colors_info=&raquo;{}&raquo;][et_pb_video src=&raquo;https:\/\/virtuos.no\/wp-content\/uploads\/2023\/09\/20230615_111230-Trim.mp4&#8243; module_class=&raquo;dm-autoplay-btn&raquo; _builder_version=&raquo;4.22.1&#8243; _module_preset=&raquo;default&raquo; custom_css_main_element=&raquo;<script>||jQuery(document).ready(function($) {||if ($('.dm-autoplay-btn .et_pb_video_box').length !== 0) {||$('.dm-autoplay-btn .et_pb_video_box').find('video').prop('muted', true);||$(%22.dm-autoplay-btn .et_pb_video_box%22).find('video').attr('loop', 'loop');||$(%22.dm-autoplay-btn .et_pb_video_box%22).find('video').attr('playsInline', '');||$(%22.dm-autoplay-btn .et_pb_video_box%22).each(function() {||$(this).find('video').get(0).play();||});||}||});||<\/script>&raquo; global_colors_info=&raquo;{}&raquo;][\/et_pb_video][\/et_pb_column][\/et_pb_row][\/et_pb_section][et_pb_section fb_built=&raquo;1&#8243; _builder_version=&raquo;4.22.1&#8243; _module_preset=&raquo;default&raquo; custom_padding=&raquo;50px|||||&raquo; global_colors_info=&raquo;{}&raquo;][et_pb_row column_structure=&raquo;1_6,1_6,1_6,1_6,1_6,1_6&#8243; _builder_version=&raquo;4.22.1&#8243; _module_preset=&raquo;default&raquo; global_colors_info=&raquo;{}&raquo;][et_pb_column type=&raquo;1_6&#8243; _builder_version=&raquo;4.22.1&#8243; _module_preset=&raquo;default&raquo; global_colors_info=&raquo;{}&raquo;][\/et_pb_column][et_pb_column type=&raquo;1_6&#8243; _builder_version=&raquo;4.22.1&#8243; _module_preset=&raquo;default&raquo; global_colors_info=&raquo;{}&raquo;][\/et_pb_column][et_pb_column type=&raquo;1_6&#8243; _builder_version=&raquo;4.22.1&#8243; _module_preset=&raquo;default&raquo; global_colors_info=&raquo;{}&raquo;][et_pb_icon font_icon=&raquo;&#xe01b;||divi||400&#8243; url=&raquo;https:\/\/nkom.no\/frekvenser-og-elektronisk-utstyr\/radioamator&raquo; url_new_window=&raquo;on&raquo; _builder_version=&raquo;4.22.1&#8243; _module_preset=&raquo;default&raquo; box_shadow_style=&raquo;preset1&#8243; global_colors_info=&raquo;{}&raquo; transform_styles__hover_enabled=&raquo;on|hover&raquo; transform_scale__hover_enabled=&raquo;on|hover&raquo; transform_translate__hover_enabled=&raquo;on|desktop&raquo; transform_rotate__hover_enabled=&raquo;on|desktop&raquo; transform_skew__hover_enabled=&raquo;on|desktop&raquo; transform_origin__hover_enabled=&raquo;on|desktop&raquo; transform_scale__hover=&raquo;130%|130%&raquo;][\/et_pb_icon][et_pb_text _builder_version=&raquo;4.22.1&#8243; _module_preset=&raquo;default&raquo; link_option_url=&raquo;https:\/\/nkom.no\/frekvenser-og-elektronisk-utstyr\/radioamator&raquo; link_option_url_new_window=&raquo;on&raquo; global_colors_info=&raquo;{}&raquo;]<\/p>\n<p style=\"text-align: center;\"><strong>BLI RADIOAMAT\u00d8R<\/strong><strong><\/strong><\/p>\n<p>[\/et_pb_text][et_pb_text _builder_version=&raquo;4.22.1&#8243; _module_preset=&raquo;default&raquo; link_option_url=&raquo;https:\/\/virtuos.no\/index.php\/aktiviteter\/&raquo; global_colors_info=&raquo;{}&raquo;][\/et_pb_text][\/et_pb_column][et_pb_column type=&raquo;1_6&#8243; _builder_version=&raquo;4.22.1&#8243; _module_preset=&raquo;default&raquo; global_colors_info=&raquo;{}&raquo;][et_pb_icon font_icon=&raquo;&#xe0e3;||divi||400&#8243; url=&raquo;https:\/\/no.wikipedia.org\/wiki\/Amat%C3%B8rradio&raquo; url_new_window=&raquo;on&raquo; _builder_version=&raquo;4.22.1&#8243; _module_preset=&raquo;default&raquo; box_shadow_style=&raquo;preset1&#8243; global_colors_info=&raquo;{}&raquo; transform_styles__hover_enabled=&raquo;on|hover&raquo; transform_scale__hover_enabled=&raquo;on|hover&raquo; transform_translate__hover_enabled=&raquo;on|desktop&raquo; transform_rotate__hover_enabled=&raquo;on|desktop&raquo; transform_skew__hover_enabled=&raquo;on|desktop&raquo; transform_origin__hover_enabled=&raquo;on|desktop&raquo; transform_scale__hover=&raquo;130%|130%&raquo;][\/et_pb_icon][et_pb_text _builder_version=&raquo;4.22.1&#8243; _module_preset=&raquo;default&raquo; link_option_url=&raquo;https:\/\/no.wikipedia.org\/wiki\/Amat%C3%B8rradio&raquo; link_option_url_new_window=&raquo;on&raquo; global_colors_info=&raquo;{}&raquo;]<\/p>\n<p style=\"text-align: center;\"><strong>AMAT\u00d8RRADIO<\/strong><\/p>\n<p>[\/et_pb_text][\/et_pb_column][et_pb_column type=&raquo;1_6&#8243; _builder_version=&raquo;4.22.1&#8243; _module_preset=&raquo;default&raquo; global_colors_info=&raquo;{}&raquo;][\/et_pb_column][et_pb_column type=&raquo;1_6&#8243; _builder_version=&raquo;4.22.1&#8243; _module_preset=&raquo;default&raquo; global_colors_info=&raquo;{}&raquo;][\/et_pb_column][\/et_pb_row][\/et_pb_section]<\/p>\n","protected":false},"excerpt":{"rendered":"<p>Grenlandgruppen av Norsk Radio Rel\u00e6 LigaBLI RADIOAMAT\u00d8RAMAT\u00d8RRADIO<\/p>\n","protected":false},"author":3,"featured_media":0,"parent":0,"menu_order":0,"comment_status":"closed","ping_status":"closed","template":"","meta":{"_et_pb_use_builder":"on","_et_pb_old_content":"","_et_gb_content_width":"","footnotes":""},"class_list":["post-365","page","type-page","status-publish","hentry"],"_links":{"self":[{"href":"https:\/\/virtuos.no\/index.php\/wp-json\/wp\/v2\/pages\/365","targetHints":{"allow":["GET"]}}],"collection":[{"href":"https:\/\/virtuos.no\/index.php\/wp-json\/wp\/v2\/pages"}],"about":[{"href":"https:\/\/virtuos.no\/index.php\/wp-json\/wp\/v2\/types\/page"}],"author":[{"embeddable":true,"href":"https:\/\/virtuos.no\/index.php\/wp-json\/wp\/v2\/users\/3"}],"replies":[{"embeddable":true,"href":"https:\/\/virtuos.no\/index.php\/wp-json\/wp\/v2\/comments?post=365"}],"version-history":[{"count":15,"href":"https:\/\/virtuos.no\/index.php\/wp-json\/wp\/v2\/pages\/365\/revisions"}],"predecessor-version":[{"id":488,"href":"https:\/\/virtuos.no\/index.php\/wp-json\/wp\/v2\/pages\/365\/revisions\/488"}],"wp:attachment":[{"href":"https:\/\/virtuos.no\/index.php\/wp-json\/wp\/v2\/media?parent=365"}],"curies":[{"name":"wp","href":"https:\/\/api.w.org\/{rel}","templated":true}]}}