{"id":327,"date":"2023-09-01T20:00:58","date_gmt":"2023-09-01T18:00:58","guid":{"rendered":"https:\/\/virtuos.no\/?page_id=327"},"modified":"2026-01-29T19:37:13","modified_gmt":"2026-01-29T17:37:13","slug":"aktiviteter","status":"publish","type":"page","link":"https:\/\/virtuos.no\/index.php\/aktiviteter\/","title":{"rendered":"Aktiviteter"},"content":{"rendered":"<p>[et_pb_section fb_built=&raquo;1&#8243; fullwidth=&raquo;on&raquo; _builder_version=&raquo;4.22.1&#8243; _module_preset=&raquo;default&raquo; global_colors_info=&raquo;{}&raquo;][et_pb_fullwidth_header _builder_version=&raquo;4.22.1&#8243; _module_preset=&raquo;default&raquo; background_color=&raquo;#FFFFFF&raquo; min_height=&raquo;86px&raquo; custom_padding=&raquo;16px||22px|||&raquo; global_colors_info=&raquo;{}&raquo;]<\/p>\n<h2><span style=\"color: #000000;\">Grenlandgruppen av Norsk Radio Rel\u00e6 Liga<\/span><\/h2>\n<p>[\/et_pb_fullwidth_header][\/et_pb_section][et_pb_section fb_built=&raquo;1&#8243; fullwidth=&raquo;on&raquo; _builder_version=&raquo;4.22.1&#8243; _module_preset=&raquo;default&raquo; global_colors_info=&raquo;{}&raquo;][et_pb_fullwidth_image src=&raquo;https:\/\/virtuos.no\/wp-content\/uploads\/2023\/09\/Jamboree-on-the-air_2.jpg&raquo; alt=&raquo;Alternativ tekst&raquo; title_text=&raquo;Jamboree on the air_2&#8243; _builder_version=&raquo;4.22.1&#8243; _module_preset=&raquo;default&raquo; custom_margin=&raquo;-5px|||||&raquo; global_colors_info=&raquo;{}&raquo; src__hover_enabled=&raquo;off|desktop&raquo;][\/et_pb_fullwidth_image][\/et_pb_section][et_pb_section fb_built=&raquo;1&#8243; _builder_version=&raquo;4.22.1&#8243; _module_preset=&raquo;default&raquo; min_height=&raquo;116.8px&raquo; custom_padding=&raquo;6px||0px|||&raquo; global_colors_info=&raquo;{}&raquo;][et_pb_row _builder_version=&raquo;4.22.1&#8243; _module_preset=&raquo;default&raquo; global_colors_info=&raquo;{}&raquo;][et_pb_column type=&raquo;4_4&#8243; _builder_version=&raquo;4.22.1&#8243; _module_preset=&raquo;default&raquo; global_colors_info=&raquo;{}&raquo;][et_pb_text _builder_version=&raquo;4.22.1&#8243; _module_preset=&raquo;default&raquo; global_colors_info=&raquo;{}&raquo;]<\/p>\n<h2 style=\"text-align: left;\"><strong>Aktiviteter<\/strong><\/h2>\n<p>[\/et_pb_text][\/et_pb_column][\/et_pb_row][et_pb_row _builder_version=&raquo;4.22.2&#8243; _module_preset=&raquo;default&raquo; width=&raquo;65.4%&raquo; width_tablet=&raquo;65.4%&raquo; width_phone=&raquo;65.4%&raquo; width_last_edited=&raquo;on|phone&raquo; module_alignment=&raquo;center&raquo; min_height_tablet=&raquo;&raquo; min_height_phone=&raquo;auto&raquo; min_height_last_edited=&raquo;on|phone&raquo; height_tablet=&raquo;&raquo; height_phone=&raquo;&raquo; height_last_edited=&raquo;on|phone&raquo; max_height_tablet=&raquo;&raquo; max_height_phone=&raquo;&raquo; max_height_last_edited=&raquo;on|phone&raquo; custom_margin=&raquo;|0px|||false|false&raquo; custom_padding=&raquo;|0px|||false|false&raquo; global_colors_info=&raquo;{}&raquo;][et_pb_column type=&raquo;4_4&#8243; _builder_version=&raquo;4.22.1&#8243; _module_preset=&raquo;default&raquo; global_colors_info=&raquo;{}&raquo;][et_pb_code _builder_version=&raquo;4.24.0&#8243; _module_preset=&raquo;default&raquo; width=&raquo;74%&raquo; module_alignment=&raquo;center&raquo; hover_enabled=&raquo;0&#8243; box_shadow_style=&raquo;preset1&#8243; global_colors_info=&raquo;{}&raquo; sticky_enabled=&raquo;0&#8243;]<iframe loading=\"lazy\" src=\"https:\/\/calendar.google.com\/calendar\/embed?height=600&#038;wkst=1&#038;ctz=Europe%2FOslo&#038;showPrint=0&#038;src=bGExZy5ucnJsQGdtYWlsLmNvbQ&#038;color=%23039be5\" style=\"border:solid 1px #777\" width=\"800\" height=\"600\" frameborder=\"0\" scrolling=\"no\"><\/iframe>[\/et_pb_code][\/et_pb_column][\/et_pb_row][et_pb_row _builder_version=&raquo;4.24.0&#8243; _module_preset=&raquo;default&raquo; global_colors_info=&raquo;{}&raquo;][et_pb_column type=&raquo;4_4&#8243; _builder_version=&raquo;4.24.0&#8243; _module_preset=&raquo;default&raquo; global_colors_info=&raquo;{}&raquo;][et_pb_button button_url=&raquo;https:\/\/sites.google.com\/view\/la1g\/&raquo; url_new_window=&raquo;on&raquo; button_text=&raquo;DX Leaderboard &#8211; Grenland&raquo; button_alignment=&raquo;center&raquo; _builder_version=&raquo;4.24.0&#8243; _module_preset=&raquo;default&raquo; global_colors_info=&raquo;{}&raquo;][\/et_pb_button][\/et_pb_column][\/et_pb_row][\/et_pb_section][et_pb_section fb_built=&raquo;1&#8243; _builder_version=&raquo;4.22.1&#8243; _module_preset=&raquo;default&raquo; min_height=&raquo;1132px&raquo; custom_margin=&raquo;-3px||219px|||&raquo; custom_padding=&raquo;71px|||||&raquo; global_colors_info=&raquo;{}&raquo;][et_pb_row _builder_version=&raquo;4.22.1&#8243; _module_preset=&raquo;default&raquo; custom_margin=&raquo;|auto|-64px|auto||&raquo; custom_padding=&raquo;6px|||||&raquo; global_colors_info=&raquo;{}&raquo;][et_pb_column type=&raquo;4_4&#8243; _builder_version=&raquo;4.22.1&#8243; _module_preset=&raquo;default&raquo; global_colors_info=&raquo;{}&raquo;][et_pb_text _builder_version=&raquo;4.22.2&#8243; _module_preset=&raquo;default&raquo; custom_margin=&raquo;||-4px|||&raquo; custom_padding=&raquo;7px|||||&raquo; global_colors_info=&raquo;{}&raquo;]<\/p>\n<h2 style=\"text-align: center;\"><strong>Aktivisering av gruppens repeatere og noen andre b\u00e5nd.<\/strong><strong><\/strong><\/h2>\n<p><strong><\/strong><\/p>\n<p><strong><\/strong><\/p>\n<h5 style=\"text-align: center;\"><\/h5>\n<h5 style=\"text-align: center;\"><\/h5>\n<p><b><\/b><\/p>\n<h5 style=\"text-align: center;\"><\/h5>\n<p style=\"text-align: right;\"><b><\/b><\/p>\n<pre><\/pre>\n<p>[\/et_pb_text][\/et_pb_column][\/et_pb_row][et_pb_row _builder_version=&raquo;4.22.1&#8243; _module_preset=&raquo;default&raquo; global_colors_info=&raquo;{}&raquo;][et_pb_column type=&raquo;4_4&#8243; _builder_version=&raquo;4.22.1&#8243; _module_preset=&raquo;default&raquo; global_colors_info=&raquo;{}&raquo;][et_pb_text _builder_version=&raquo;4.24.0&#8243; _module_preset=&raquo;default&raquo; width=&raquo;100%&raquo; max_width=&raquo;100%&raquo; min_height=&raquo;382px&raquo; height=&raquo;479px&raquo; max_height=&raquo;1000px&raquo; custom_margin=&raquo;||0px||false|false&raquo; global_colors_info=&raquo;{}&raquo;]<\/p>\n<pre class=\"aLF-aPX-K0-aPE\"><strong>S\u00f8ndag<\/strong>, etter QST-LA:\n10:10 3,67 MHz LSB\n22:00 70,425 MHz FM simplex\n      70,450 MHz FM simplex\n      70,475 MHz FM simplex - Oppkall p\u00e5 denne kanalen, og kanalbytte ved behov.\n<strong>Mandag<\/strong>:\n22:00 51,500 MHz FM simplex\n22:10 50,200 MHz USB\n\n<strong>Tirsdag<\/strong>:\n22:00 Fylkesnettet Vestfold\/Telemark: Narrow FM og 3 sek. pause mellom skift.\n         434,6125 MHz FM 74,4 Hz LA3DRR - Veal\u00f8s, Skien\n         145,5625 MHz FM 74,4 Hz LA3BRR - Bronane, Drangedal\n         145,6125 MHz FM 74,4 Hz LA3GRR - Gaustatoppen, Tinn\n         145,2250 MHz FM 74,4 Hz LA3XRR - Hvittingen, Holmestrand\n         145,2750 MHz FM 74,4 Hz LA3SRR - Korp\u00e5s, Brunlanes\n         145,7125 MHz FM 74,4 Hz LA5ER  - Eirefjell, Tokke\nEtter Fylkesnett-testen: 434,8500 MHz FM 74,4 Hz LA6YR - Storkollen, Krager\u00f8.\n<strong>Onsdag<\/strong>:\n22:00 145,650 MHz FM 74,4 Hz LA5GR -  Veal\u00f8s, Skien\n     (434,075 MHz FM 74,4 Hz LA9JR -  Crosslink LA5GR: Midlertidig utkoplet).\n\n<strong>Torsdag<\/strong>:\n22:00 434,5875 MHz FM 74,4 Hz LA3VRR - Veal\u00f8s, Skien\n22:10 434,5875 MHz C4FM (Fusion) LA3VRR - Veal\u00f8s, Skien + Internett\n\n<strong>Fredag<\/strong>:\n22:00 28,570 MHz USB simplex\n      145,7125 MHz FM 74,4 Hz LA5ER - Eirefjell, H\u00f8ydalsmo. (Bare sporadisk test).\n\n<strong>L\u00f8rdag<\/strong>:\n22:00 434,5125 MHz DMR-ID 242701 LD3GL - Veal\u00f8s, Skien + Internett\n\n\n<strong>WINLINK<\/strong>:\nLokal-aksess: 433,7250 MHz 1200 Bd Packet - Veal\u00f8s, Skien   \nDigipeater:  144,950 MHz VARA-FM  LA1G-11 - Veal\u00f8s, Skien<\/pre>\n<p>[\/et_pb_text][\/et_pb_column][\/et_pb_row][\/et_pb_section][et_pb_section fb_built=&raquo;1&#8243; _builder_version=&raquo;4.24.0&#8243; _module_preset=&raquo;default&raquo; width=&raquo;65%&raquo; max_width=&raquo;100%&raquo; min_height=&raquo;86.4px&raquo; height=&raquo;726px&raquo; custom_margin=&raquo;-29px|790px|-330px|||&raquo; custom_padding=&raquo;285px|||||&raquo; global_colors_info=&raquo;{}&raquo;][et_pb_row _builder_version=&raquo;4.24.0&#8243; _module_preset=&raquo;default&raquo; min_height=&raquo;481.5px&raquo; custom_padding=&raquo;||0px|||&raquo; global_colors_info=&raquo;{}&raquo;][et_pb_column type=&raquo;4_4&#8243; _builder_version=&raquo;4.24.0&#8243; _module_preset=&raquo;default&raquo; global_colors_info=&raquo;{}&raquo;][et_pb_code _builder_version=&raquo;4.24.0&#8243; _module_preset=&raquo;default&raquo; width=&raquo;100%&raquo; min_height=&raquo;171px&raquo; height=&raquo;197px&raquo; max_height=&raquo;1000px&raquo; custom_margin=&raquo;|-97px|-273px|||&raquo; custom_padding=&raquo;||47px|||&raquo; global_colors_info=&raquo;{}&raquo;]<iframe src=\"https:\/\/docs.google.com\/spreadsheets\/d\/e\/2PACX-1vQYoCUALMbdwnYyqjWZeMuGoamf7_nr3fwSjqpElPPIPBjYbDTgTtBJ_n4kBIwBHA\/pubchart?oid=504304297&#038;format=interactive\"<!-- [et_pb_line_break_holder] -->scrolling=&raquo;no&raquo;><\/iframe><!-- [et_pb_line_break_holder] -->[\/et_pb_code][\/et_pb_column][\/et_pb_row][\/et_pb_section][et_pb_section fb_built=&raquo;1&#8243; fullwidth=&raquo;on&raquo; _builder_version=&raquo;4.24.0&#8243; _module_preset=&raquo;default&raquo; global_colors_info=&raquo;{}&raquo;][et_pb_fullwidth_code _builder_version=&raquo;4.24.0&#8243; _module_preset=&raquo;default&raquo; width=&raquo;100%&raquo; width_tablet=&raquo;&raquo; width_phone=&raquo;&raquo; width_last_edited=&raquo;on|phone&raquo; max_width=&raquo;100%&raquo; module_alignment=&raquo;center&raquo; min_height=&raquo;607.9px&raquo; height=&raquo;635px&raquo; max_height=&raquo;1000px&raquo; custom_margin=&raquo;-10px|||||&raquo; custom_padding=&raquo;95px||7px||false|false&raquo; global_colors_info=&raquo;{}&raquo;]<iframe loading=\"lazy\" src=\"https:\/\/docs.google.com\/spreadsheets\/d\/e\/2PACX-1vQYoCUALMbdwnYyqjWZeMuGoamf7_nr3fwSjqpElPPIPBjYbDTgTtBJ_n4kBIwBHA\/pubhtml?gid=755106390&#038;single=true\"style=\"border: 0\" width=\"1500\" height=\"400\" frameborder=\"0\" scrolling=\"no\"><\/iframe>[\/et_pb_fullwidth_code][\/et_pb_section][et_pb_section fb_built=&raquo;1&#8243; _builder_version=&raquo;4.24.0&#8243; _module_preset=&raquo;default&raquo; global_colors_info=&raquo;{}&raquo;][et_pb_row _builder_version=&raquo;4.24.0&#8243; _module_preset=&raquo;default&raquo; global_colors_info=&raquo;{}&raquo;][et_pb_column type=&raquo;4_4&#8243; _builder_version=&raquo;4.24.0&#8243; _module_preset=&raquo;default&raquo; global_colors_info=&raquo;{}&raquo;][et_pb_code _builder_version=&raquo;4.24.0&#8243; _module_preset=&raquo;default&raquo; global_colors_info=&raquo;{}&raquo;]<iframe loading=\"lazy\" width=\"270\" height=\"50\" seamless frameborder=\"0\" scrolling=\"no\" src=\"https:\/\/docs.google.com\/spreadsheets\/d\/e\/2PACX-1vR-m7KwDil7EiOXsQldyHuMAJPsLTdWBXBOmg7vS-bgVL2mC6PHDV_W4zMbBimoZQ\/pubchart?oid=1771974032&#038;format=interactive\"><\/iframe>[\/et_pb_code][\/et_pb_column][\/et_pb_row][\/et_pb_section][et_pb_section fb_built=&raquo;1&#8243; fullwidth=&raquo;on&raquo; _builder_version=&raquo;4.22.2&#8243; _module_preset=&raquo;default&raquo; width=&raquo;79%&raquo; module_alignment=&raquo;center&raquo; global_colors_info=&raquo;{}&raquo;][et_pb_fullwidth_code _builder_version=&raquo;4.24.0&#8243; _module_preset=&raquo;default&raquo; width_tablet=&raquo;&raquo; width_phone=&raquo;&raquo; width_last_edited=&raquo;on|phone&raquo; module_alignment=&raquo;center&raquo; min_height=&raquo;456.6px&raquo; custom_padding=&raquo;||||false|false&raquo; global_colors_info=&raquo;{}&raquo;]<iframe loading=\"lazy\" src=\"https:\/\/docs.google.com\/spreadsheets\/d\/e\/2PACX-1vR-m7KwDil7EiOXsQldyHuMAJPsLTdWBXBOmg7vS-bgVL2mC6PHDV_W4zMbBimoZQ\/pubhtml?gid=755106390&#038;single=true&#038;widget=true&#038;headers=false\"style=\"border: 0\" width=\"1500\" height=\"400\" frameborder=\"0\" scrolling=\"no\"><\/iframe>[\/et_pb_fullwidth_code][\/et_pb_section][et_pb_section fb_built=&raquo;1&#8243; _builder_version=&raquo;4.24.0&#8243; _module_preset=&raquo;default&raquo; module_alignment=&raquo;center&raquo; min_height=&raquo;284.6px&raquo; custom_margin=&raquo;||-188px|||&raquo; global_colors_info=&raquo;{}&raquo;][et_pb_row _builder_version=&raquo;4.24.0&#8243; _module_preset=&raquo;default&raquo; global_colors_info=&raquo;{}&raquo;][et_pb_column type=&raquo;4_4&#8243; _builder_version=&raquo;4.24.0&#8243; _module_preset=&raquo;default&raquo; global_colors_info=&raquo;{}&raquo;][et_pb_code _builder_version=&raquo;4.24.0&#8243; _module_preset=&raquo;default&raquo; global_colors_info=&raquo;{}&raquo;]<iframe src=\"https:\/\/docs.google.com\/spreadsheets\/d\/e\/2PACX-1vSdgBZRILIzlFfsqSKhb4JSVnnnd6Eght2TGBezkXzAsehn_zjpHefd61R89lALgA\/pubchart?oid=504304297&#038;format=interactive\"<!-- [et_pb_line_break_holder] -->scrolling=&raquo;no&raquo;><\/iframe><!-- [et_pb_line_break_holder] -->[\/et_pb_code][\/et_pb_column][\/et_pb_row][\/et_pb_section][et_pb_section fb_built=&raquo;1&#8243; fullwidth=&raquo;on&raquo; _builder_version=&raquo;4.24.0&#8243; _module_preset=&raquo;default&raquo; width=&raquo;79%&raquo; module_alignment=&raquo;center&raquo; global_colors_info=&raquo;{}&raquo;][et_pb_fullwidth_code _builder_version=&raquo;4.24.0&#8243; _module_preset=&raquo;default&raquo; width=&raquo;100%&raquo; width_tablet=&raquo;&raquo; width_phone=&raquo;&raquo; width_last_edited=&raquo;on|phone&raquo; max_width=&raquo;100%&raquo; module_alignment=&raquo;center&raquo; min_height=&raquo;620.9px&raquo; height=&raquo;635px&raquo; max_height=&raquo;1000px&raquo; custom_margin=&raquo;-8px|||||&raquo; custom_padding=&raquo;95px||7px||false|false&raquo; global_colors_info=&raquo;{}&raquo;]<iframe loading=\"lazy\" src=\"https:\/\/docs.google.com\/spreadsheets\/d\/e\/2PACX-1vSdgBZRILIzlFfsqSKhb4JSVnnnd6Eght2TGBezkXzAsehn_zjpHefd61R89lALgA\/pubhtml?gid=755106390&#038;single=true&#038;widget=true&#038;headers=false\"style=\"border: 0\" width=\"1500\" height=\"400\" frameborder=\"0\" scrolling=\"no\"><\/iframe>[\/et_pb_fullwidth_code][\/et_pb_section][et_pb_section fb_built=&raquo;1&#8243; fullwidth=&raquo;on&raquo; _builder_version=&raquo;4.24.0&#8243; _module_preset=&raquo;default&raquo; width=&raquo;79%&raquo; module_alignment=&raquo;center&raquo; global_colors_info=&raquo;{}&raquo;][\/et_pb_section][et_pb_section fb_built=&raquo;1&#8243; _builder_version=&raquo;4.24.0&#8243; _module_preset=&raquo;default&raquo; min_height=&raquo;273.6px&raquo; custom_margin=&raquo;||-110px|||&raquo; custom_padding=&raquo;5px|||||&raquo; global_colors_info=&raquo;{}&raquo;][et_pb_row _builder_version=&raquo;4.24.0&#8243; _module_preset=&raquo;default&raquo; global_colors_info=&raquo;{}&raquo;][et_pb_column type=&raquo;4_4&#8243; _builder_version=&raquo;4.24.0&#8243; _module_preset=&raquo;default&raquo; global_colors_info=&raquo;{}&raquo;][et_pb_code _builder_version=&raquo;4.24.0&#8243; _module_preset=&raquo;default&raquo; min_height=&raquo;131.6px&raquo; global_colors_info=&raquo;{}&raquo;]<iframe src=\"https:\/\/docs.google.com\/spreadsheets\/d\/e\/2PACX-1vSFk42LOVMv6A2AI3dzhTRBECnJ-1Eg3D3WfUj7n5eJK5g4Dyx15RGpV8KMPd39nQ\/pubchart?oid=504304297&#038;format=interactive\"<!-- [et_pb_line_break_holder] -->scrolling=&raquo;no&raquo;><\/iframe><!-- [et_pb_line_break_holder] -->[\/et_pb_code][\/et_pb_column][\/et_pb_row][\/et_pb_section][et_pb_section fb_built=&raquo;1&#8243; fullwidth=&raquo;on&raquo; _builder_version=&raquo;4.24.0&#8243; _module_preset=&raquo;default&raquo; width=&raquo;79%&raquo; module_alignment=&raquo;center&raquo; global_colors_info=&raquo;{}&raquo;][et_pb_fullwidth_code _builder_version=&raquo;4.24.0&#8243; _module_preset=&raquo;default&raquo; width=&raquo;100%&raquo; width_tablet=&raquo;&raquo; width_phone=&raquo;&raquo; width_last_edited=&raquo;on|phone&raquo; max_width=&raquo;100%&raquo; module_alignment=&raquo;center&raquo; min_height=&raquo;636.9px&raquo; height=&raquo;635px&raquo; max_height=&raquo;1000px&raquo; custom_margin=&raquo;|-26px||||&raquo; custom_padding=&raquo;95px|0px|7px||false|false&raquo; global_colors_info=&raquo;{}&raquo;]<iframe loading=\"lazy\" src=\"https:\/\/docs.google.com\/spreadsheets\/d\/e\/2PACX-1vSFk42LOVMv6A2AI3dzhTRBECnJ-1Eg3D3WfUj7n5eJK5g4Dyx15RGpV8KMPd39nQ\/pubhtml?gid=755106390&#038;single=true\"style=\"border: 0\" width=\"1500\" height=\"400\" frameborder=\"0\" scrolling=\"no\"><\/iframe>[\/et_pb_fullwidth_code][\/et_pb_section]<\/p>\n","protected":false},"excerpt":{"rendered":"<p>Grenlandgruppen av Norsk Radio Rel\u00e6 LigaAktiviteterAktivisering av gruppens repeatere og noen andre b\u00e5nd. S\u00f8ndag, etter QST-LA: 10:10 3,67 MHz LSB 22:00 70,425 MHz FM simplex 70,450 MHz FM simplex 70,475 MHz FM simplex &#8211; Oppkall p\u00e5 denne kanalen, og kanalbytte ved behov. Mandag: 22:00 51,500 MHz FM simplex 22:10 50,200 MHz USB Tirsdag: 22:00 Fylkesnettet [&hellip;]<\/p>\n","protected":false},"author":3,"featured_media":0,"parent":0,"menu_order":0,"comment_status":"closed","ping_status":"closed","template":"","meta":{"_et_pb_use_builder":"on","_et_pb_old_content":"","_et_gb_content_width":"","footnotes":""},"class_list":["post-327","page","type-page","status-publish","hentry"],"_links":{"self":[{"href":"https:\/\/virtuos.no\/index.php\/wp-json\/wp\/v2\/pages\/327","targetHints":{"allow":["GET"]}}],"collection":[{"href":"https:\/\/virtuos.no\/index.php\/wp-json\/wp\/v2\/pages"}],"about":[{"href":"https:\/\/virtuos.no\/index.php\/wp-json\/wp\/v2\/types\/page"}],"author":[{"embeddable":true,"href":"https:\/\/virtuos.no\/index.php\/wp-json\/wp\/v2\/users\/3"}],"replies":[{"embeddable":true,"href":"https:\/\/virtuos.no\/index.php\/wp-json\/wp\/v2\/comments?post=327"}],"version-history":[{"count":58,"href":"https:\/\/virtuos.no\/index.php\/wp-json\/wp\/v2\/pages\/327\/revisions"}],"predecessor-version":[{"id":1113,"href":"https:\/\/virtuos.no\/index.php\/wp-json\/wp\/v2\/pages\/327\/revisions\/1113"}],"wp:attachment":[{"href":"https:\/\/virtuos.no\/index.php\/wp-json\/wp\/v2\/media?parent=327"}],"curies":[{"name":"wp","href":"https:\/\/api.w.org\/{rel}","templated":true}]}}