{"id":18,"date":"2023-03-24T17:49:05","date_gmt":"2023-03-24T17:49:05","guid":{"rendered":"https:\/\/virtuos.no\/?page_id=18"},"modified":"2026-03-23T21:09:15","modified_gmt":"2026-03-23T19:09:15","slug":"om-oss","status":"publish","type":"page","link":"https:\/\/virtuos.no\/index.php\/om-oss\/","title":{"rendered":"Om oss"},"content":{"rendered":"[et_pb_section fb_built=&raquo;1&#8243; fullwidth=&raquo;on&raquo; _builder_version=&raquo;4.22.1&#8243; _module_preset=&raquo;default&raquo; global_colors_info=&raquo;{}&raquo;][et_pb_fullwidth_image src=&raquo;https:\/\/virtuos.no\/wp-content\/uploads\/2023\/04\/323344139_784480916320303_2158171819080027172_n.jpg&raquo; title_text=&raquo;323344139_784480916320303_2158171819080027172_n&raquo; _builder_version=&raquo;4.22.1&#8243; _module_preset=&raquo;default&raquo; global_colors_info=&raquo;{}&raquo;][\/et_pb_fullwidth_image][\/et_pb_section][et_pb_section fb_built=&raquo;1&#8243; _builder_version=&raquo;4.22.1&#8243; _module_preset=&raquo;default&raquo; custom_padding=&raquo;50px|||||&raquo; global_colors_info=&raquo;{}&raquo;][et_pb_row admin_label=&raquo;row&raquo; _builder_version=&raquo;4.16&#8243; background_size=&raquo;initial&raquo; background_position=&raquo;top_left&raquo; background_repeat=&raquo;repeat&raquo; custom_padding=&raquo;||92px|0px||&raquo; global_colors_info=&raquo;{}&raquo;][et_pb_column type=&raquo;4_4&#8243; _builder_version=&raquo;4.16&#8243; custom_padding=&raquo;|||&raquo; global_colors_info=&raquo;{}&raquo; custom_padding__hover=&raquo;|||&raquo;][et_pb_text admin_label=&raquo;Text&raquo; _builder_version=&raquo;4.22.1&#8243; background_size=&raquo;initial&raquo; background_position=&raquo;top_left&raquo; background_repeat=&raquo;repeat&raquo; min_height=&raquo;695.8px&raquo; custom_padding=&raquo;3px||0px|||&raquo; global_colors_info=&raquo;{}&raquo;]<h3 style=\"text-align: center;\"><strong>Grenlandgruppen av NRRL<\/strong><\/h3>\n<h6 style=\"text-align: center;\">Org.nr: 989 371 770<\/h6>\n<h6 style=\"text-align: center;\">VIPPS-nummer: 505329<\/h6>\n<h6 style=\"text-align: center;\">Kontonummer: 2610 26 29905<\/h6>\n<h6 style=\"text-align: center;\"><a href=\"mailto:eilev.aakre@sf-nett.no\"><span>c\/o Eilev Aakre, Fasanvegen 2A, <\/span><span>N-3925 Porsgrunn<\/span><\/a><\/h6>\n<p><span><\/span><\/p>\n<p><span><\/span><\/p>\n<h3 style=\"text-align: center;\"><strong>Grenlandgruppens form\u00e5l:<\/strong><\/h3>\n<p style=\"text-align: center;\"><span><\/span><\/p>\n<p style=\"text-align: center;\"><span>Grenlandgruppen av Norsk Radio Rel\u00e6 Liga er en sammenslutning av personer med interesse for amat\u00f8rradio i Grenland og omegn. Gruppens form\u00e5l er \u00e5 arbeide for amat\u00f8rradioens fremme og amat\u00f8rradiosaken i sin alminnelighet, dyktiggj\u00f8re medlemmene som radioamat\u00f8rer og \u00e5 ivareta medlemmenes interesser.<\/span><\/p>\n<p style=\"text-align: center;\"><strong>Grenlandgruppen av Norsk Radio Rel\u00e6 Liga<\/strong>\u00a0m\u00f8tes onsdager p\u00e5<br \/>Bamble VGS, Croftholmen, i Metallt\u00e5rnet helt s\u00f8r p\u00e5 omr\u00e5det. M\u00f8tene er annonsert p\u00e5 hjemme-siden og Aktiviteter-siden<br \/>Der har vi et m\u00f8terom i 1.etasje med radioutstyr montert, og antenner p\u00e5 taket.<\/p>\n<blockquote><\/blockquote>\n<blockquote><\/blockquote>\n<figure class=\"wp-block-image size-large\" style=\"text-align: center;\"><\/figure>\n<p style=\"text-align: right;\"><\/p>\n<h4 style=\"text-align: right;\"><\/h4>\n<h4 class=\"wp-block-heading\" style=\"text-align: center;\"><strong>Medlemskontingent i Grenlandgruppen av NRRL:<\/strong><\/h4>\n<p style=\"text-align: center;\"><\/p>\n<p style=\"text-align: center;\"><\/p>\n<p style=\"text-align: center;\">F\u00f8lgende satser gjelder for 2026:<\/p>\n<p style=\"text-align: center;\">Voksen: 700 kr<br \/>Ungdom: 100 kr (til og med 25 \u00e5r).\u00a0\u00a0<br \/>Ungdom: 350 kr (26-30 \u00e5r)<br \/>Husstandsmedlem: 350 kr<\/p>\n<p style=\"text-align: center;\">Kontonummer: 2610 26 29905<br \/>VIPPS-nummer: 505329<\/p>\n<p><\/p>[\/et_pb_text][\/et_pb_column][\/et_pb_row][\/et_pb_section][et_pb_section fb_built=&raquo;1&#8243; _builder_version=&raquo;4.22.1&#8243; _module_preset=&raquo;default&raquo; custom_margin=&raquo;-3px|||||&raquo; custom_padding=&raquo;||0px|||&raquo; global_colors_info=&raquo;{}&raquo;][et_pb_row _builder_version=&raquo;4.22.1&#8243; _module_preset=&raquo;default&raquo; min_height=&raquo;56.9px&raquo; custom_margin=&raquo;2px|auto||auto||&raquo; global_colors_info=&raquo;{}&raquo;][et_pb_column type=&raquo;4_4&#8243; _builder_version=&raquo;4.22.1&#8243; _module_preset=&raquo;default&raquo; global_colors_info=&raquo;{}&raquo;][et_pb_text _builder_version=&raquo;4.22.1&#8243; _module_preset=&raquo;default&raquo; custom_padding=&raquo;1px|||||&raquo; global_colors_info=&raquo;{}&raquo;]<h1 style=\"text-align: center;\"><strong>Styreverv 2026<\/strong><\/h1>\n<p><strong><\/strong><\/p>[\/et_pb_text][\/et_pb_column][\/et_pb_row][\/et_pb_section][et_pb_section fb_built=&raquo;1&#8243; _builder_version=&raquo;4.22.1&#8243; _module_preset=&raquo;default&raquo; module_alignment=&raquo;center&raquo; global_colors_info=&raquo;{}&raquo;][et_pb_row use_custom_gutter=&raquo;on&raquo; make_equal=&raquo;on&raquo; _builder_version=&raquo;4.22.1&#8243; _module_preset=&raquo;default&raquo; width=&raquo;65.5%&raquo; module_alignment=&raquo;center&raquo; custom_margin=&raquo;|||auto|false|false&raquo; custom_padding=&raquo;0px|||4px||&raquo; global_colors_info=&raquo;{}&raquo;][et_pb_column type=&raquo;4_4&#8243; _builder_version=&raquo;4.22.1&#8243; _module_preset=&raquo;default&raquo; custom_padding=&raquo;|100px||100px|false|false&raquo; global_colors_info=&raquo;{}&raquo;][et_pb_text _builder_version=&raquo;4.22.1&#8243; _module_preset=&raquo;default&raquo; text_font=&raquo;|600|||||||&raquo; text_orientation=&raquo;center&raquo; width=&raquo;76%&raquo; module_alignment=&raquo;center&raquo; min_height=&raquo;255px&raquo; custom_margin=&raquo;|-257px|-2px|0px|false|false&raquo; custom_padding=&raquo;|5px||||&raquo; global_colors_info=&raquo;{}&raquo;]<p>&nbsp;<\/p>\n<table border=\"1\" style=\"height: 589px; width: 99.2444%; border-collapse: collapse; margin-left: auto; margin-right: auto;\">\n<tbody>\n<tr style=\"height: 24px;\">\n<td style=\"width: 33.3333%; height: 24px; text-align: left;\">Formann<\/td>\n<td style=\"width: 53.0107%; height: 24px; text-align: left;\">LB1NI<\/td>\n<td style=\"width: 13.6559%; height: 24px; text-align: left;\">Eivind<\/td>\n<\/tr>\n<tr style=\"height: 24px; text-align: left;\">\n<td style=\"width: 33.3333%; height: 24px;\">Nestformann<\/td>\n<td style=\"width: 53.0107%; height: 24px;\">LA4NM<\/td>\n<td style=\"width: 13.6559%; height: 24px;\"><a href=\"mailto:LA4NM.HWJ@gmail.com\"><\/a>Harald<\/td>\n<\/tr>\n<tr style=\"height: 10px; text-align: left;\">\n<td style=\"width: 33.3333%; height: 10px;\">Sekret\u00e6r<\/td>\n<td style=\"width: 53.0107%; height: 10px;\">LB2JH<\/td>\n<td style=\"width: 13.6559%; height: 10px;\">Eilev<\/td>\n<\/tr>\n<tr style=\"height: 10px; text-align: left;\">\n<td style=\"width: 33.3333%; height: 10px;\">Kasserer<\/td>\n<td style=\"width: 53.0107%; height: 10px;\">LA1DNA<\/td>\n<td style=\"width: 13.6559%; height: 10px;\">Halvard<\/td>\n<\/tr>\n<tr style=\"height: 10px; text-align: left;\">\n<td style=\"width: 33.3333%; height: 10px;\">Styremedlem<\/td>\n<td style=\"width: 53.0107%; height: 10px;\">LB5OA<\/td>\n<td style=\"width: 13.6559%; height: 10px;\">Kai Vidar<\/td>\n<\/tr>\n<tr style=\"height: 10px; text-align: left;\">\n<td style=\"width: 33.3333%; height: 10px;\">1. varamedlem<\/td>\n<td style=\"width: 53.0107%; height: 10px;\">LB6LH<\/td>\n<td style=\"width: 13.6559%; height: 10px;\">Tom \u00d8yvind<\/td>\n<\/tr>\n<tr style=\"height: 0px; text-align: left;\">\n<td style=\"width: 33.3333%; height: 10px;\">2. varamedlem<\/td>\n<td style=\"width: 53.0107%; height: 10px;\">LB1PJ\u00a0<\/td>\n<td style=\"width: 13.6559%; height: 10px;\">Stefan<\/td>\n<\/tr>\n<tr style=\"height: 10px; text-align: left;\">\n<td style=\"width: 33.3333%; height: 10px;\">Tillitsverv og funksjoner:<\/td>\n<td style=\"width: 53.0107%; height: 10px;\"><\/td>\n<td style=\"width: 13.6559%; height: 10px;\"><\/td>\n<\/tr>\n<tr style=\"height: 0px; text-align: left;\">\n<td style=\"width: 33.3333%; height: 0px;\">N\u00f8dsamband\/SVG:<\/td>\n<td style=\"width: 53.0107%; height: 0px;\">LB1PJ<\/td>\n<td style=\"width: 13.6559%; height: 0px;\">Stefan V.Pettersen<\/td>\n<\/tr>\n<tr style=\"height: 10px; text-align: left;\">\n<td style=\"width: 33.3333%; height: 10px;\">Teknisk Manager<\/td>\n<td style=\"width: 53.0107%; height: 10px;\">LB5OA<\/td>\n<td style=\"width: 13.6559%; height: 10px;\">Kai Vidar Dohme<\/td>\n<\/tr>\n<tr style=\"height: 48px; text-align: left;\">\n<td style=\"width: 33.3333%; height: 48px;\">QSL Manager<\/td>\n<td style=\"width: 53.0107%; height: 48px;\">LB1PI<\/td>\n<td style=\"width: 13.6559%; height: 48px;\">Knut Taraldsrud<\/td>\n<\/tr>\n<tr style=\"height: 72px; text-align: left;\">\n<td style=\"width: 33.3333%; height: 72px;\">Web Manager<\/td>\n<td style=\"width: 53.0107%; height: 72px;\">LB6LH<\/td>\n<td style=\"width: 13.6559%; height: 72px;\">Tom \u00d8yvind Hogstad<\/td>\n<\/tr>\n<\/tbody>\n<\/table>\n<p>&nbsp;<\/p>[\/et_pb_text][\/et_pb_column][\/et_pb_row][et_pb_row _builder_version=&raquo;4.22.1&#8243; _module_preset=&raquo;default&raquo; global_colors_info=&raquo;{}&raquo;][et_pb_column type=&raquo;4_4&#8243; _builder_version=&raquo;4.22.1&#8243; _module_preset=&raquo;default&raquo; global_colors_info=&raquo;{}&raquo;][et_pb_image src=&raquo;https:\/\/virtuos.no\/wp-content\/uploads\/2023\/09\/grasrot_video_2_portrait.png&raquo; title_text=&raquo;grasrot_video_2_portrait&raquo; url=&raquo;https:\/\/www.norsk-tipping.no\/grasrotandelen\/din-mottaker\/989371770&#8243; url_new_window=&raquo;on&raquo; align=&raquo;center&raquo; _builder_version=&raquo;4.22.1&#8243; _module_preset=&raquo;default&raquo; width=&raquo;36%&raquo; max_width=&raquo;100%&raquo; global_colors_info=&raquo;{}&raquo;][\/et_pb_image][\/et_pb_column][\/et_pb_row][\/et_pb_section][et_pb_section fb_built=&raquo;1&#8243; _builder_version=&raquo;4.22.1&#8243; _module_preset=&raquo;default&raquo; global_colors_info=&raquo;{}&raquo;][et_pb_row column_structure=&raquo;1_3,1_3,1_3&#8243; _builder_version=&raquo;4.22.1&#8243; _module_preset=&raquo;default&raquo; global_colors_info=&raquo;{}&raquo;][et_pb_column type=&raquo;1_3&#8243; _builder_version=&raquo;4.22.1&#8243; _module_preset=&raquo;default&raquo; global_colors_info=&raquo;{}&raquo;][et_pb_button button_url=&raquo;https:\/\/drive.google.com\/file\/d\/1vAIwE25mHB7LnS42b81bY_TZ6NtUQa_U\/view?usp=sharing&raquo; url_new_window=&raquo;on&raquo; button_text=&raquo;Gruppens lover&raquo; button_alignment=&raquo;center&raquo; _builder_version=&raquo;4.22.2&#8243; _module_preset=&raquo;default&raquo; box_shadow_style=&raquo;preset1&#8243; box_shadow_color=&raquo;#a3a3a3&#8243; global_colors_info=&raquo;{}&raquo;][\/et_pb_button][\/et_pb_column][et_pb_column type=&raquo;1_3&#8243; _builder_version=&raquo;4.22.1&#8243; _module_preset=&raquo;default&raquo; global_colors_info=&raquo;{}&raquo;][et_pb_button button_url=&raquo;https:\/\/drive.google.com\/file\/d\/196HKZ37OjxZI27kSvwQki0PK44yCj-2N\/view?usp=sharing&raquo; url_new_window=&raquo;on&raquo; button_text=&raquo;Historien om LA1G:&raquo; button_alignment=&raquo;center&raquo; _builder_version=&raquo;4.22.2&#8243; _module_preset=&raquo;default&raquo; box_shadow_style=&raquo;preset1&#8243; box_shadow_color=&raquo;#a3a3a3&#8243; global_colors_info=&raquo;{}&raquo;][\/et_pb_button][\/et_pb_column][et_pb_column type=&raquo;1_3&#8243; _builder_version=&raquo;4.22.1&#8243; _module_preset=&raquo;default&raquo; global_colors_info=&raquo;{}&raquo;][et_pb_button url_new_window=&raquo;on&raquo; button_text=&raquo;Ledig link&#8230;.&raquo; button_alignment=&raquo;center&raquo; _builder_version=&raquo;4.22.1&#8243; _module_preset=&raquo;default&raquo; box_shadow_style=&raquo;preset1&#8243; box_shadow_color=&raquo;#a3a3a3&#8243; global_colors_info=&raquo;{}&raquo;][\/et_pb_button][\/et_pb_column][\/et_pb_row][\/et_pb_section][et_pb_section fb_built=&raquo;1&#8243; _builder_version=&raquo;4.22.1&#8243; _module_preset=&raquo;default&raquo; global_colors_info=&raquo;{}&raquo;][et_pb_row _builder_version=&raquo;4.22.1&#8243; _module_preset=&raquo;default&raquo; global_colors_info=&raquo;{}&raquo;][et_pb_column type=&raquo;4_4&#8243; _builder_version=&raquo;4.22.1&#8243; _module_preset=&raquo;default&raquo; global_colors_info=&raquo;{}&raquo;][et_pb_text _builder_version=&raquo;4.22.1&#8243; _module_preset=&raquo;default&raquo; global_colors_info=&raquo;{}&raquo;]<h1><strong>En liten test av fotoalbum:<\/strong><\/h1>[\/et_pb_text][et_pb_gallery gallery_ids=&raquo;450,381,345,332,261,260,259,132,124,108,586&#8243; fullwidth=&raquo;on&raquo; _builder_version=&raquo;4.22.1&#8243; _module_preset=&raquo;default&raquo; title_font=&raquo;||||||||&raquo; title_text_align=&raquo;left&raquo; title_text_color=&raquo;#000000&#8243; caption_text_align=&raquo;left&raquo; background_layout=&raquo;dark&raquo; global_colors_info=&raquo;{}&raquo;][\/et_pb_gallery][\/et_pb_column][\/et_pb_row][\/et_pb_section]","protected":false},"excerpt":{"rendered":"<p>Grenlandgruppen av NRRL Org.nr: 989 371 770 VIPPS-nummer: 505329 Kontonummer: 2610 26 29905 c\/o Eilev Aakre, Fasanvegen 2A, N-3925 Porsgrunn Grenlandgruppens form\u00e5l: Grenlandgruppen av Norsk Radio Rel\u00e6 Liga er en sammenslutning av personer med interesse for amat\u00f8rradio i Grenland og omegn. Gruppens form\u00e5l er \u00e5 arbeide for amat\u00f8rradioens fremme og amat\u00f8rradiosaken i sin alminnelighet, dyktiggj\u00f8re [&hellip;]<\/p>\n","protected":false},"author":1,"featured_media":0,"parent":0,"menu_order":0,"comment_status":"closed","ping_status":"closed","template":"","meta":{"_et_pb_use_builder":"on","_et_pb_old_content":"<!-- wp:paragraph -->\n<p><strong>Postadresse:<\/strong><br>Grenlandgruppen av NRRL<br>Org.nr: 989 371 770<br>VIPPS-nummer: 505329<br><br><strong>Kontonummer: 2610 26 29905<\/strong><\/p>\n<!-- \/wp:paragraph -->\n\n<!-- wp:paragraph -->\n<p>c\/o&nbsp;<a href=\"mailto:lb5oa@online.no\">K.V.Dohme, Valhallveien 30, 3715 Skien<\/a><\/p>\n<!-- \/wp:paragraph -->\n\n<!-- wp:paragraph -->\n<p><strong>Grenlandgruppen av Norsk Radio Rel\u00e6 Liga<\/strong>&nbsp;m\u00f8tes onsdager p\u00e5<br><a href=\"https:\/\/www.google.com\/maps\/place\/Grenlandgruppen+av+NRRL\/@59.1845517,9.5634911,266m\/data=!3m1!1e3!4m5!3m4!1s0x0:0x45c2a67a71ab8168!8m2!3d59.1845033!4d9.5647574?hl=no-NO\">Bamble VGS, Croftholmen, i Metallt\u00e5rnet helt s\u00f8r p\u00e5 omr\u00e5det.<\/a><br><\/p>\n<!-- \/wp:paragraph -->\n\n<!-- wp:paragraph -->\n<p><\/p>\n<!-- \/wp:paragraph -->\n\n<!-- wp:image {\"id\":12,\"sizeSlug\":\"large\",\"linkDestination\":\"none\"} -->\n<figure class=\"wp-block-image size-large\"><img src=\"https:\/\/virtuos.no\/wp-content\/uploads\/2023\/03\/323344139_784480916320303_2158171819080027172_n-1024x416.jpg\" alt=\"\" class=\"wp-image-12\"\/><\/figure>\n<!-- \/wp:image -->\n\n<!-- wp:paragraph -->\n<p><br>M\u00f8tene er annonsert p\u00e5 Home-siden og Gruppenyttsiden<br>Der har vi et m\u00f8terom i 1.etasje med radioutstyr montert, og antenner p\u00e5 taket.<\/p>\n<!-- \/wp:paragraph -->\n\n<!-- wp:paragraph -->\n<p>Som registrert medlem kan du lese m\u00f8tereferater og annet<br>under fliken \"Styret\" etter at du er innlogget.<br>Selvregistrering er ikke lengre tilgjengelig.<br>Du registrerer deg ved \u00e5 sende en&nbsp;<a href=\"mailto:tom.oyvind.hogstad@gmail.com\"><strong>epost til webansvarlig<\/strong><\/a><\/p>\n<!-- \/wp:paragraph -->\n\n<!-- wp:heading {\"level\":4} -->\n<h4 class=\"wp-block-heading\">Medlemskontingent i Grenlandgruppen av NRRL:<\/h4>\n<!-- \/wp:heading -->\n\n<!-- wp:paragraph -->\n<p>F\u00f8lgende satser gjelder for 2023:<br>Hovedmedlem: kr. 600,-<br>Familiemedlem: kr. 300,-<br>Studentmedlem: kr. 300,-<br>Kontonummer: 2610 26 29905<br>VIPPS-nummer: 505329<\/p>\n<!-- \/wp:paragraph -->","_et_gb_content_width":"","footnotes":""},"class_list":["post-18","page","type-page","status-publish","hentry"],"_links":{"self":[{"href":"https:\/\/virtuos.no\/index.php\/wp-json\/wp\/v2\/pages\/18","targetHints":{"allow":["GET"]}}],"collection":[{"href":"https:\/\/virtuos.no\/index.php\/wp-json\/wp\/v2\/pages"}],"about":[{"href":"https:\/\/virtuos.no\/index.php\/wp-json\/wp\/v2\/types\/page"}],"author":[{"embeddable":true,"href":"https:\/\/virtuos.no\/index.php\/wp-json\/wp\/v2\/users\/1"}],"replies":[{"embeddable":true,"href":"https:\/\/virtuos.no\/index.php\/wp-json\/wp\/v2\/comments?post=18"}],"version-history":[{"count":54,"href":"https:\/\/virtuos.no\/index.php\/wp-json\/wp\/v2\/pages\/18\/revisions"}],"predecessor-version":[{"id":1118,"href":"https:\/\/virtuos.no\/index.php\/wp-json\/wp\/v2\/pages\/18\/revisions\/1118"}],"wp:attachment":[{"href":"https:\/\/virtuos.no\/index.php\/wp-json\/wp\/v2\/media?parent=18"}],"curies":[{"name":"wp","href":"https:\/\/api.w.org\/{rel}","templated":true}]}}