{"id":15,"date":"2023-03-24T17:49:51","date_gmt":"2023-03-24T17:49:51","guid":{"rendered":"https:\/\/virtuos.no\/?page_id=15"},"modified":"2023-10-06T13:29:37","modified_gmt":"2023-10-06T11:29:37","slug":"kontakt-oss","status":"publish","type":"page","link":"https:\/\/virtuos.no\/index.php\/kontakt-oss\/","title":{"rendered":"Kontakt oss"},"content":{"rendered":"<p>[et_pb_section fb_built=&raquo;1&#8243; fullwidth=&raquo;on&raquo; _builder_version=&raquo;4.22.1&#8243; _module_preset=&raquo;default&raquo; global_colors_info=&raquo;{}&raquo;][et_pb_fullwidth_header _builder_version=&raquo;4.22.1&#8243; _module_preset=&raquo;default&raquo; background_color=&raquo;#FFFFFF&raquo; min_height=&raquo;86px&raquo; custom_padding=&raquo;16px||22px|||&raquo; global_colors_info=&raquo;{}&raquo;]<\/p>\n<h2><span style=\"color: #000000;\">Grenlandgruppen av Norsk Radio Rel\u00e6 Liga<\/span><\/h2>\n<p>[\/et_pb_fullwidth_header][\/et_pb_section][et_pb_section fb_built=&raquo;1&#8243; fullwidth=&raquo;on&raquo; _builder_version=&raquo;4.22.1&#8243; _module_preset=&raquo;default&raquo; global_colors_info=&raquo;{}&raquo;][et_pb_fullwidth_image src=&raquo;https:\/\/virtuos.no\/wp-content\/uploads\/2023\/09\/20210910_100218-scaled.jpg&raquo; title_text=&raquo;20210910_100218&#8243; url=&raquo;mailto:%20eilev.aakre@sf-nett.no&raquo; _builder_version=&raquo;4.22.1&#8243; _module_preset=&raquo;default&raquo; global_colors_info=&raquo;{}&raquo;][\/et_pb_fullwidth_image][\/et_pb_section][et_pb_section fb_built=&raquo;1&#8243; _builder_version=&raquo;4.22.1&#8243; _module_preset=&raquo;default&raquo; min_height=&raquo;119.6px&raquo; custom_padding=&raquo;4px|||||&raquo; global_colors_info=&raquo;{}&raquo;][et_pb_row column_structure=&raquo;1_2,1_2&#8243; _builder_version=&raquo;4.22.1&#8243; _module_preset=&raquo;default&raquo; global_colors_info=&raquo;{}&raquo;][et_pb_column type=&raquo;1_2&#8243; _builder_version=&raquo;4.22.1&#8243; _module_preset=&raquo;default&raquo; global_colors_info=&raquo;{}&raquo;][et_pb_text _builder_version=&raquo;4.22.1&#8243; _module_preset=&raquo;default&raquo; global_colors_info=&raquo;{}&raquo;]<\/p>\n<h3><strong>Du kan kontakte oss ved \u00e5 trykke p\u00e5 morsen\u00f8kkelen!<\/strong><\/h3>\n<p>[\/et_pb_text][\/et_pb_column][et_pb_column type=&raquo;1_2&#8243; _builder_version=&raquo;4.22.1&#8243; _module_preset=&raquo;default&raquo; global_colors_info=&raquo;{}&raquo;][et_pb_code _builder_version=&raquo;4.22.1&#8243; _module_preset=&raquo;default&raquo; hover_enabled=&raquo;0&#8243; global_colors_info=&raquo;{}&raquo; sticky_enabled=&raquo;0&#8243;]<audio controls autoplay><!-- [et_pb_line_break_holder] --><source src=\"https:\/\/virtuos.no\/wp-content\/uploads\/2023\/10\/cq1.wav\" type=\"audio\/mpeg\"><!-- [et_pb_line_break_holder] -->  Your browser does not support the audio element.<!-- [et_pb_line_break_holder] --><\/audio>[\/et_pb_code][\/et_pb_column][\/et_pb_row][\/et_pb_section]<\/p>\n","protected":false},"excerpt":{"rendered":"<p>Grenlandgruppen av Norsk Radio Rel\u00e6 LigaDu kan kontakte oss ved \u00e5 trykke p\u00e5 morsen\u00f8kkelen!<\/p>\n","protected":false},"author":1,"featured_media":0,"parent":0,"menu_order":0,"comment_status":"closed","ping_status":"closed","template":"","meta":{"_et_pb_use_builder":"on","_et_pb_old_content":"","_et_gb_content_width":"","footnotes":""},"class_list":["post-15","page","type-page","status-publish","hentry"],"_links":{"self":[{"href":"https:\/\/virtuos.no\/index.php\/wp-json\/wp\/v2\/pages\/15","targetHints":{"allow":["GET"]}}],"collection":[{"href":"https:\/\/virtuos.no\/index.php\/wp-json\/wp\/v2\/pages"}],"about":[{"href":"https:\/\/virtuos.no\/index.php\/wp-json\/wp\/v2\/types\/page"}],"author":[{"embeddable":true,"href":"https:\/\/virtuos.no\/index.php\/wp-json\/wp\/v2\/users\/1"}],"replies":[{"embeddable":true,"href":"https:\/\/virtuos.no\/index.php\/wp-json\/wp\/v2\/comments?post=15"}],"version-history":[{"count":23,"href":"https:\/\/virtuos.no\/index.php\/wp-json\/wp\/v2\/pages\/15\/revisions"}],"predecessor-version":[{"id":748,"href":"https:\/\/virtuos.no\/index.php\/wp-json\/wp\/v2\/pages\/15\/revisions\/748"}],"wp:attachment":[{"href":"https:\/\/virtuos.no\/index.php\/wp-json\/wp\/v2\/media?parent=15"}],"curies":[{"name":"wp","href":"https:\/\/api.w.org\/{rel}","templated":true}]}}